{"id":2,"date":"2022-02-25T07:23:24","date_gmt":"2022-02-25T06:23:24","guid":{"rendered":"http:\/\/aurelienpicat.com\/?page_id=2"},"modified":"2022-04-27T17:56:48","modified_gmt":"2022-04-27T15:56:48","slug":"prestations","status":"publish","type":"page","link":"http:\/\/aurelienpicat.com\/index.php\/prestations\/","title":{"rendered":"Prestations"},"content":{"rendered":"\t\t<div data-elementor-type=\"wp-page\" data-elementor-id=\"2\" class=\"elementor elementor-2\">\n\t\t\t\t\t\t\t\t\t<section class=\"elementor-section elementor-top-section elementor-element elementor-element-78b0cec3 elementor-section-boxed elementor-section-height-default elementor-section-height-default\" data-id=\"78b0cec3\" data-element_type=\"section\">\n\t\t\t\t\t\t<div class=\"elementor-container elementor-column-gap-default\">\n\t\t\t\t\t<div class=\"elementor-column elementor-col-100 elementor-top-column elementor-element elementor-element-21d8ff3b\" data-id=\"21d8ff3b\" data-element_type=\"column\">\n\t\t\t<div class=\"elementor-widget-wrap elementor-element-populated\">\n\t\t\t\t\t\t\t\t<div class=\"elementor-element elementor-element-20fdfc56 elementor-widget elementor-widget-text-editor\" data-id=\"20fdfc56\" data-element_type=\"widget\" data-widget_type=\"text-editor.default\">\n\t\t\t\t<div class=\"elementor-widget-container\">\n\t\t\t<style>\/*! elementor - v3.14.0 - 26-06-2023 *\/\n.elementor-widget-text-editor.elementor-drop-cap-view-stacked .elementor-drop-cap{background-color:#69727d;color:#fff}.elementor-widget-text-editor.elementor-drop-cap-view-framed .elementor-drop-cap{color:#69727d;border:3px solid;background-color:transparent}.elementor-widget-text-editor:not(.elementor-drop-cap-view-default) .elementor-drop-cap{margin-top:8px}.elementor-widget-text-editor:not(.elementor-drop-cap-view-default) .elementor-drop-cap-letter{width:1em;height:1em}.elementor-widget-text-editor .elementor-drop-cap{float:left;text-align:center;line-height:1;font-size:50px}.elementor-widget-text-editor .elementor-drop-cap-letter{display:inline-block}<\/style>\t\t\t\t<p>Sur cette page je vous expose ma fa\u00e7on de fonctionner du point de vue des prestations et des tarifs, mais chaque situation \u00e9tant particuli\u00e8re, sachez d&rsquo;ores et d\u00e9j\u00e0 qu&rsquo;il est pr\u00e9f\u00e9rable d&rsquo;en parler de vive voix pour adapter au plus pr\u00e8s de vos besoins.<\/p><p>Toutes mes prestations comprennent:\u00a0<\/p><ul><li>Les prises de vue ainsi que les retouches des photos de la journ\u00e9e.<\/li><li>La retouche de chaque photo que j&rsquo;aurai s\u00e9lectionn\u00e9e en ad\u00e9quation avec mon style artistique, passage en noir et blanc lorsque l&rsquo;envie se fera sentir (assez r\u00e9guli\u00e8rement je dois dire)<\/li><li>La mise en place d&rsquo;une galerie en ligne prot\u00e9g\u00e9e par un identifiant et un mot de passe pour permettre \u00e0 vos invit\u00e9s d&rsquo;acc\u00e9der aux photos de la journ\u00e9e.<\/li><li>Les photos en HD que j&rsquo;aurai s\u00e9lectionn\u00e9es pour vous permettre de faire de belles impressions.<\/li><\/ul><p>En option :<\/p><ul><li>Je peux proposer de beaux tirages r\u00e9alis\u00e9s par un atelier sp\u00e9cialis\u00e9.<\/li><li>La confection d&rsquo;un album photo avec votre s\u00e9lection de photos.<\/li><li>Une s\u00e9ance de couple <span style=\"text-decoration: underline;\"><strong><a title=\"Trash the dress\" href=\"http:\/\/aurelienpicat.com\/index.php\/2021\/12\/13\/trash-the-dress\/\" target=\"_blank\" rel=\"noopener\">avant<\/a><\/strong> <\/span>et \/ ou<span style=\"text-decoration: underline;\"> <strong><a title=\"S\u00e9ance engagement \u00e0 Angers\" href=\"http:\/\/aurelienpicat.com\/index.php\/2020\/12\/22\/engagement-a-angers\/\" target=\"_blank\" rel=\"noopener\">apr\u00e8s<\/a><\/strong><\/span> le grand \u00e9v\u00e8nement, je vous mets des exemples de ce type de s\u00e9ance en lien.<\/li><\/ul><p>Les tarifs commencent \u00e0 400\u20ac pour une prestation qui peut comprendre une c\u00e9r\u00e9monie \u00e0 la mairie et les photos de couple.\u00a0<\/p><p>La journ\u00e9e compl\u00e8te: pr\u00e9paratifs \/ c\u00e9r\u00e9monie \/ vin d&rsquo;honneur \/ photos de couple \/ jusqu&rsquo;au diner peut s&rsquo;envisager \u00e0 partir de 1600\u20ac selon l&rsquo;amplitude horaire demand\u00e9e.\u00a0<\/p><p>N&rsquo;h\u00e9sitez donc pas \u00e0 me contacter pour affiner cette prestation et l&rsquo;adapter au mieux \u00e0 vos envies et vos besoins.<\/p>\t\t\t\t\t\t<\/div>\n\t\t\t\t<\/div>\n\t\t\t\t\t<\/div>\n\t\t<\/div>\n\t\t\t\t\t\t\t<\/div>\n\t\t<\/section>\n\t\t\t\t\t\t\t<\/div>\n\t\t","protected":false},"excerpt":{"rendered":"<p>Sur cette page je vous expose ma fa\u00e7on de fonctionner du point de vue des prestations et des tarifs, mais chaque situation \u00e9tant particuli\u00e8re, sachez d&rsquo;ores et d\u00e9j\u00e0 qu&rsquo;il est pr\u00e9f\u00e9rable d&rsquo;en parler de vive voix pour adapter au plus pr\u00e8s de vos besoins. Toutes mes prestations comprennent:\u00a0 Les prises de vue ainsi que les [&hellip;]<\/p>\n","protected":false},"author":1,"featured_media":0,"parent":0,"menu_order":0,"comment_status":"closed","ping_status":"closed","template":"","meta":{"ocean_post_layout":"","ocean_both_sidebars_style":"","ocean_both_sidebars_content_width":0,"ocean_both_sidebars_sidebars_width":0,"ocean_sidebar":"","ocean_second_sidebar":"","ocean_disable_margins":"enable","ocean_add_body_class":"","ocean_shortcode_before_top_bar":"","ocean_shortcode_after_top_bar":"","ocean_shortcode_before_header":"","ocean_shortcode_after_header":"","ocean_has_shortcode":"","ocean_shortcode_after_title":"","ocean_shortcode_before_footer_widgets":"","ocean_shortcode_after_footer_widgets":"","ocean_shortcode_before_footer_bottom":"","ocean_shortcode_after_footer_bottom":"","ocean_display_top_bar":"default","ocean_display_header":"default","ocean_header_style":"","ocean_center_header_left_menu":"","ocean_custom_header_template":"","ocean_custom_logo":0,"ocean_custom_retina_logo":0,"ocean_custom_logo_max_width":0,"ocean_custom_logo_tablet_max_width":0,"ocean_custom_logo_mobile_max_width":0,"ocean_custom_logo_max_height":0,"ocean_custom_logo_tablet_max_height":0,"ocean_custom_logo_mobile_max_height":0,"ocean_header_custom_menu":"","ocean_menu_typo_font_family":"","ocean_menu_typo_font_subset":"","ocean_menu_typo_font_size":0,"ocean_menu_typo_font_size_tablet":0,"ocean_menu_typo_font_size_mobile":0,"ocean_menu_typo_font_size_unit":"px","ocean_menu_typo_font_weight":"","ocean_menu_typo_font_weight_tablet":"","ocean_menu_typo_font_weight_mobile":"","ocean_menu_typo_transform":"","ocean_menu_typo_transform_tablet":"","ocean_menu_typo_transform_mobile":"","ocean_menu_typo_line_height":0,"ocean_menu_typo_line_height_tablet":0,"ocean_menu_typo_line_height_mobile":0,"ocean_menu_typo_line_height_unit":"","ocean_menu_typo_spacing":0,"ocean_menu_typo_spacing_tablet":0,"ocean_menu_typo_spacing_mobile":0,"ocean_menu_typo_spacing_unit":"","ocean_menu_link_color":"","ocean_menu_link_color_hover":"","ocean_menu_link_color_active":"","ocean_menu_link_background":"","ocean_menu_link_hover_background":"","ocean_menu_link_active_background":"","ocean_menu_social_links_bg":"","ocean_menu_social_hover_links_bg":"","ocean_menu_social_links_color":"","ocean_menu_social_hover_links_color":"","ocean_disable_title":"default","ocean_disable_heading":"default","ocean_post_title":"","ocean_post_subheading":"","ocean_post_title_style":"","ocean_post_title_background_color":"","ocean_post_title_background":0,"ocean_post_title_bg_image_position":"","ocean_post_title_bg_image_attachment":"","ocean_post_title_bg_image_repeat":"","ocean_post_title_bg_image_size":"","ocean_post_title_height":0,"ocean_post_title_bg_overlay":0.5,"ocean_post_title_bg_overlay_color":"","ocean_disable_breadcrumbs":"default","ocean_breadcrumbs_color":"","ocean_breadcrumbs_separator_color":"","ocean_breadcrumbs_links_color":"","ocean_breadcrumbs_links_hover_color":"","ocean_display_footer_widgets":"default","ocean_display_footer_bottom":"default","ocean_custom_footer_template":"","footnotes":""},"class_list":["post-2","page","type-page","status-publish","hentry","entry"],"aioseo_notices":[],"jetpack_sharing_enabled":true,"_links":{"self":[{"href":"http:\/\/aurelienpicat.com\/index.php\/wp-json\/wp\/v2\/pages\/2","targetHints":{"allow":["GET"]}}],"collection":[{"href":"http:\/\/aurelienpicat.com\/index.php\/wp-json\/wp\/v2\/pages"}],"about":[{"href":"http:\/\/aurelienpicat.com\/index.php\/wp-json\/wp\/v2\/types\/page"}],"author":[{"embeddable":true,"href":"http:\/\/aurelienpicat.com\/index.php\/wp-json\/wp\/v2\/users\/1"}],"replies":[{"embeddable":true,"href":"http:\/\/aurelienpicat.com\/index.php\/wp-json\/wp\/v2\/comments?post=2"}],"version-history":[{"count":10,"href":"http:\/\/aurelienpicat.com\/index.php\/wp-json\/wp\/v2\/pages\/2\/revisions"}],"predecessor-version":[{"id":1063,"href":"http:\/\/aurelienpicat.com\/index.php\/wp-json\/wp\/v2\/pages\/2\/revisions\/1063"}],"wp:attachment":[{"href":"http:\/\/aurelienpicat.com\/index.php\/wp-json\/wp\/v2\/media?parent=2"}],"curies":[{"name":"wp","href":"https:\/\/api.w.org\/{rel}","templated":true}]}}