{"id":35,"date":"2016-11-29T01:21:42","date_gmt":"2016-11-29T01:21:42","guid":{"rendered":"https:\/\/oceanwp.org\/stylish\/?page_id=35"},"modified":"2022-04-09T18:28:25","modified_gmt":"2022-04-09T16:28:25","slug":"about","status":"publish","type":"page","link":"https:\/\/aurelienpicat.com\/index.php\/about\/","title":{"rendered":"A propos"},"content":{"rendered":"\t\t<div data-elementor-type=\"wp-page\" data-elementor-id=\"35\" class=\"elementor elementor-35\">\n\t\t\t\t\t\t\t\t\t<section class=\"elementor-section elementor-top-section elementor-element elementor-element-tkml1zg elementor-section-boxed elementor-section-height-default elementor-section-height-default\" data-id=\"tkml1zg\" data-element_type=\"section\">\n\t\t\t\t\t\t<div class=\"elementor-container elementor-column-gap-default\">\n\t\t\t\t\t<div class=\"elementor-column elementor-col-100 elementor-top-column elementor-element elementor-element-97j26r1\" data-id=\"97j26r1\" data-element_type=\"column\">\n\t\t\t<div class=\"elementor-widget-wrap elementor-element-populated\">\n\t\t\t\t\t\t\t\t<div class=\"elementor-element elementor-element-9ztptpn elementor-widget elementor-widget-heading\" data-id=\"9ztptpn\" data-element_type=\"widget\" data-widget_type=\"heading.default\">\n\t\t\t\t<div class=\"elementor-widget-container\">\n\t\t\t<style>\/*! elementor - v3.14.0 - 26-06-2023 *\/\n.elementor-heading-title{padding:0;margin:0;line-height:1}.elementor-widget-heading .elementor-heading-title[class*=elementor-size-]>a{color:inherit;font-size:inherit;line-height:inherit}.elementor-widget-heading .elementor-heading-title.elementor-size-small{font-size:15px}.elementor-widget-heading .elementor-heading-title.elementor-size-medium{font-size:19px}.elementor-widget-heading .elementor-heading-title.elementor-size-large{font-size:29px}.elementor-widget-heading .elementor-heading-title.elementor-size-xl{font-size:39px}.elementor-widget-heading .elementor-heading-title.elementor-size-xxl{font-size:59px}<\/style><h2 class=\"elementor-heading-title elementor-size-default\">Qui suis-je?<\/h2>\t\t<\/div>\n\t\t\t\t<\/div>\n\t\t\t\t<section class=\"elementor-section elementor-inner-section elementor-element elementor-element-d4wxxd4 elementor-section-content-middle elementor-section-boxed elementor-section-height-default elementor-section-height-default\" data-id=\"d4wxxd4\" data-element_type=\"section\">\n\t\t\t\t\t\t<div class=\"elementor-container elementor-column-gap-default\">\n\t\t\t\t\t<div class=\"elementor-column elementor-col-50 elementor-inner-column elementor-element elementor-element-p1vugkz\" data-id=\"p1vugkz\" data-element_type=\"column\">\n\t\t\t<div class=\"elementor-widget-wrap elementor-element-populated\">\n\t\t\t\t\t\t\t\t<div class=\"elementor-element elementor-element-u2ig30t elementor-widget elementor-widget-text-editor\" data-id=\"u2ig30t\" data-element_type=\"widget\" data-widget_type=\"text-editor.default\">\n\t\t\t\t<div class=\"elementor-widget-container\">\n\t\t\t<style>\/*! elementor - v3.14.0 - 26-06-2023 *\/\n.elementor-widget-text-editor.elementor-drop-cap-view-stacked .elementor-drop-cap{background-color:#69727d;color:#fff}.elementor-widget-text-editor.elementor-drop-cap-view-framed .elementor-drop-cap{color:#69727d;border:3px solid;background-color:transparent}.elementor-widget-text-editor:not(.elementor-drop-cap-view-default) .elementor-drop-cap{margin-top:8px}.elementor-widget-text-editor:not(.elementor-drop-cap-view-default) .elementor-drop-cap-letter{width:1em;height:1em}.elementor-widget-text-editor .elementor-drop-cap{float:left;text-align:center;line-height:1;font-size:50px}.elementor-widget-text-editor .elementor-drop-cap-letter{display:inline-block}<\/style>\t\t\t\t<p>Je m\u2019appelle donc Aur\u00e9lien Picat mais \u00e7a vous avez pu le deviner avec l\u2019adresse du site\u2026je manquais d\u2019inspiration. J\u2019habite dans le Maine et Loire depuis maintenant 13 ans. Je suis mari\u00e9 et j\u2019ai deux enfants.\u00a0<\/p><p>J\u2019ai d\u00e9couvert la photographie num\u00e9rique en 2005 lorsque j\u2019ai eu mon premier reflex pour No\u00ebl. J\u2019ai beaucoup appris en \u00e9changeant avec d\u2019autres photographes<strong>,<\/strong> virtuellement d\u2019abord sur un forum<strong>,<\/strong> puis ces contributeurs sont devenus des amis, des sources d\u2019inspiration, des mod\u00e8les pour certains.\u00a0<\/p><p>La photographie s\u2019impose dans ma vie de tous les jours pour capter des moments et figer des souvenirs\u00a0<strong>; <\/strong>mon envie de profiter de ces moments et s\u00fbrement l\u2019impatience de mes proches me permettent de travailler toujours plus rapidement et efficacement. Je remercie \u00e9galement ma femme pour son aide pr\u00e9cieuse dans cette entreprise car son regard ext\u00e9rieur et critique m\u2019aide \u00e0 me remettre en question et \u00e0 trier efficacement et objectivement les photographies.<\/p><p>\u00a0<\/p><p>J\u2019ai couvert mon premier mariage en 2008 et ai \u00e9t\u00e9 confront\u00e9 aux difficult\u00e9s techniques et au besoin constant de pr\u00e9sence. C\u2019est un exercice difficile qui demande de la rigueur, de la cr\u00e9ativit\u00e9 et de l\u2019\u00e9nergie.\u00a0<\/p>\t\t\t\t\t\t<\/div>\n\t\t\t\t<\/div>\n\t\t\t\t\t<\/div>\n\t\t<\/div>\n\t\t\t\t<div class=\"elementor-column elementor-col-50 elementor-inner-column elementor-element elementor-element-sbw8oz0\" data-id=\"sbw8oz0\" data-element_type=\"column\">\n\t\t\t<div class=\"elementor-widget-wrap elementor-element-populated\">\n\t\t\t\t\t\t\t\t<div class=\"elementor-element elementor-element-71045a5 elementor-widget elementor-widget-text-editor\" data-id=\"71045a5\" data-element_type=\"widget\" data-widget_type=\"text-editor.default\">\n\t\t\t\t<div class=\"elementor-widget-container\">\n\t\t\t\t\t\t\t<p>Je me suis rapidement aper\u00e7u qu\u2019il n\u2019y avait pas que la partie photographique qui \u00e9tait importante. Le rapport humain est essentiel dans ce domaine.<\/p><p>Le photographe est le prestataire le plus proche des mari\u00e9s et de la famille durant toute la journ\u00e9e et j\u2019aime beaucoup cette proximit\u00e9 dans l\u2019exercice de la photographie de mariage.\u00a0<\/p><p>Partager le stress de la pr\u00e9paration, la fiert\u00e9 d\u2019un parent lorsqu\u2019il d\u00e9couvre son enfant en tenue de lumi\u00e8re, l\u2019excitation avant d\u2019entrer \u00e0 la mairie, l\u2019amour lors du \u00ab\u00a0OUI\u00a0\u00bb, le rel\u00e2chement quand on voit que tout s\u2019est bien pass\u00e9 au repas, le rire lors des animations et des \u00e9changes avec des membres de la famille ou des amis pas vus depuis longtemps, la derni\u00e8re mont\u00e9e de stress \u00e0 l\u2019ouverture du bal et finalement le rel\u00e2chement lorsque les amoureux se rendent compte que tout s\u2019est bien pass\u00e9.<\/p><p>Je ne saurai pas comment d\u00e9finir mon style photographique, je suis peut-\u00eatre encore \u00e0 la recherche de celui-ci. Ce que j\u2019aime, ce sont les moments capt\u00e9s, le reportage, coucher en un clic sur la carte m\u00e9moire toute la liste des \u00e9motions pr\u00e9c\u00e9demment cit\u00e9es. Je pense \u00eatre un photographe discret qui sait se faire oublier pour capturer des moments naturels.<\/p>\t\t\t\t\t\t<\/div>\n\t\t\t\t<\/div>\n\t\t\t\t\t<\/div>\n\t\t<\/div>\n\t\t\t\t\t\t\t<\/div>\n\t\t<\/section>\n\t\t\t\t<div class=\"elementor-element elementor-element-f036da0 elementor-widget elementor-widget-image\" data-id=\"f036da0\" data-element_type=\"widget\" data-widget_type=\"image.default\">\n\t\t\t\t<div class=\"elementor-widget-container\">\n\t\t\t<style>\/*! elementor - v3.14.0 - 26-06-2023 *\/\n.elementor-widget-image{text-align:center}.elementor-widget-image a{display:inline-block}.elementor-widget-image a img[src$=\".svg\"]{width:48px}.elementor-widget-image img{vertical-align:middle;display:inline-block}<\/style>\t\t\t\t\t\t\t\t\t\t\t\t<img loading=\"lazy\" decoding=\"async\" width=\"2000\" height=\"1125\" src=\"https:\/\/i0.wp.com\/aurelienpicat.com\/wp-content\/uploads\/2022\/04\/IMG_8299-bis.jpg?fit=2000%2C1125&amp;ssl=1\" class=\"attachment-full size-full wp-image-954\" alt=\"paysage en noir et blanc en pose longue avec les nuages qui avancent et une personne seule \u00e0 l&#039;horizon\" srcset=\"https:\/\/i0.wp.com\/aurelienpicat.com\/wp-content\/uploads\/2022\/04\/IMG_8299-bis.jpg?w=2000&amp;ssl=1 2000w, https:\/\/i0.wp.com\/aurelienpicat.com\/wp-content\/uploads\/2022\/04\/IMG_8299-bis.jpg?resize=300%2C169&amp;ssl=1 300w, https:\/\/i0.wp.com\/aurelienpicat.com\/wp-content\/uploads\/2022\/04\/IMG_8299-bis.jpg?resize=1024%2C576&amp;ssl=1 1024w, https:\/\/i0.wp.com\/aurelienpicat.com\/wp-content\/uploads\/2022\/04\/IMG_8299-bis.jpg?resize=768%2C432&amp;ssl=1 768w, https:\/\/i0.wp.com\/aurelienpicat.com\/wp-content\/uploads\/2022\/04\/IMG_8299-bis.jpg?resize=1536%2C864&amp;ssl=1 1536w, https:\/\/i0.wp.com\/aurelienpicat.com\/wp-content\/uploads\/2022\/04\/IMG_8299-bis.jpg?resize=800%2C450&amp;ssl=1 800w\" sizes=\"auto, (max-width: 1200px) 100vw, 1200px\" \/>\t\t\t\t\t\t\t\t\t\t\t\t\t\t\t<\/div>\n\t\t\t\t<\/div>\n\t\t\t\t<div class=\"elementor-element elementor-element-91ecd56 elementor-align-center elementor-widget elementor-widget-button\" data-id=\"91ecd56\" data-element_type=\"widget\" data-widget_type=\"button.default\">\n\t\t\t\t<div class=\"elementor-widget-container\">\n\t\t\t\t\t<div class=\"elementor-button-wrapper\">\n\t\t\t<a class=\"elementor-button elementor-button-link elementor-size-sm\" href=\"http:\/\/aurelienpicat.com\/index.php\/contact\/\">\n\t\t\t\t\t\t<span class=\"elementor-button-content-wrapper\">\n\t\t\t\t\t\t<span class=\"elementor-button-text\">Contactez moi<\/span>\n\t\t<\/span>\n\t\t\t\t\t<\/a>\n\t\t<\/div>\n\t\t\t\t<\/div>\n\t\t\t\t<\/div>\n\t\t\t\t\t<\/div>\n\t\t<\/div>\n\t\t\t\t\t\t\t<\/div>\n\t\t<\/section>\n\t\t\t\t<section class=\"elementor-section elementor-top-section elementor-element elementor-element-fb86688 elementor-section-boxed elementor-section-height-default elementor-section-height-default\" data-id=\"fb86688\" data-element_type=\"section\">\n\t\t\t\t\t\t<div class=\"elementor-container elementor-column-gap-default\">\n\t\t\t\t\t<div class=\"elementor-column elementor-col-100 elementor-top-column elementor-element elementor-element-0825f31\" data-id=\"0825f31\" data-element_type=\"column\">\n\t\t\t<div class=\"elementor-widget-wrap\">\n\t\t\t\t\t\t\t\t\t<\/div>\n\t\t<\/div>\n\t\t\t\t\t\t\t<\/div>\n\t\t<\/section>\n\t\t\t\t\t\t\t<\/div>\n\t\t","protected":false},"excerpt":{"rendered":"<p>Qui suis-je? Je m\u2019appelle donc Aur\u00e9lien Picat mais \u00e7a vous avez pu le deviner avec l\u2019adresse du site\u2026je manquais d\u2019inspiration. J\u2019habite dans le Maine et Loire depuis maintenant 13 ans. Je suis mari\u00e9 et j\u2019ai deux enfants.\u00a0 J\u2019ai d\u00e9couvert la photographie num\u00e9rique en 2005 lorsque j\u2019ai eu mon premier reflex pour No\u00ebl. J\u2019ai beaucoup appris [&hellip;]<\/p>\n","protected":false},"author":1,"featured_media":0,"parent":0,"menu_order":0,"comment_status":"closed","ping_status":"closed","template":"","meta":{"ocean_post_layout":"","ocean_both_sidebars_style":"","ocean_both_sidebars_content_width":0,"ocean_both_sidebars_sidebars_width":0,"ocean_sidebar":"0","ocean_second_sidebar":"0","ocean_disable_margins":"enable","ocean_add_body_class":"","ocean_shortcode_before_top_bar":"","ocean_shortcode_after_top_bar":"","ocean_shortcode_before_header":"","ocean_shortcode_after_header":"","ocean_has_shortcode":"","ocean_shortcode_after_title":"","ocean_shortcode_before_footer_widgets":"","ocean_shortcode_after_footer_widgets":"","ocean_shortcode_before_footer_bottom":"","ocean_shortcode_after_footer_bottom":"","ocean_display_top_bar":"default","ocean_display_header":"default","ocean_header_style":"","ocean_center_header_left_menu":"0","ocean_custom_header_template":"0","ocean_custom_logo":0,"ocean_custom_retina_logo":0,"ocean_custom_logo_max_width":0,"ocean_custom_logo_tablet_max_width":0,"ocean_custom_logo_mobile_max_width":0,"ocean_custom_logo_max_height":0,"ocean_custom_logo_tablet_max_height":0,"ocean_custom_logo_mobile_max_height":0,"ocean_header_custom_menu":"0","ocean_menu_typo_font_family":"0","ocean_menu_typo_font_subset":"","ocean_menu_typo_font_size":0,"ocean_menu_typo_font_size_tablet":0,"ocean_menu_typo_font_size_mobile":0,"ocean_menu_typo_font_size_unit":"px","ocean_menu_typo_font_weight":"","ocean_menu_typo_font_weight_tablet":"","ocean_menu_typo_font_weight_mobile":"","ocean_menu_typo_transform":"","ocean_menu_typo_transform_tablet":"","ocean_menu_typo_transform_mobile":"","ocean_menu_typo_line_height":0,"ocean_menu_typo_line_height_tablet":0,"ocean_menu_typo_line_height_mobile":0,"ocean_menu_typo_line_height_unit":"","ocean_menu_typo_spacing":0,"ocean_menu_typo_spacing_tablet":0,"ocean_menu_typo_spacing_mobile":0,"ocean_menu_typo_spacing_unit":"","ocean_menu_link_color":"","ocean_menu_link_color_hover":"","ocean_menu_link_color_active":"","ocean_menu_link_background":"","ocean_menu_link_hover_background":"","ocean_menu_link_active_background":"","ocean_menu_social_links_bg":"","ocean_menu_social_hover_links_bg":"","ocean_menu_social_links_color":"","ocean_menu_social_hover_links_color":"","ocean_disable_title":"default","ocean_disable_heading":"default","ocean_post_title":"","ocean_post_subheading":"","ocean_post_title_style":"","ocean_post_title_background_color":"","ocean_post_title_background":0,"ocean_post_title_bg_image_position":"","ocean_post_title_bg_image_attachment":"","ocean_post_title_bg_image_repeat":"","ocean_post_title_bg_image_size":"","ocean_post_title_height":0,"ocean_post_title_bg_overlay":0.5,"ocean_post_title_bg_overlay_color":"","ocean_disable_breadcrumbs":"default","ocean_breadcrumbs_color":"","ocean_breadcrumbs_separator_color":"","ocean_breadcrumbs_links_color":"","ocean_breadcrumbs_links_hover_color":"","ocean_display_footer_widgets":"default","ocean_display_footer_bottom":"default","ocean_custom_footer_template":"0","footnotes":""},"class_list":["post-35","page","type-page","status-publish","hentry","entry"],"aioseo_notices":[],"jetpack_sharing_enabled":true,"_links":{"self":[{"href":"https:\/\/aurelienpicat.com\/index.php\/wp-json\/wp\/v2\/pages\/35","targetHints":{"allow":["GET"]}}],"collection":[{"href":"https:\/\/aurelienpicat.com\/index.php\/wp-json\/wp\/v2\/pages"}],"about":[{"href":"https:\/\/aurelienpicat.com\/index.php\/wp-json\/wp\/v2\/types\/page"}],"author":[{"embeddable":true,"href":"https:\/\/aurelienpicat.com\/index.php\/wp-json\/wp\/v2\/users\/1"}],"replies":[{"embeddable":true,"href":"https:\/\/aurelienpicat.com\/index.php\/wp-json\/wp\/v2\/comments?post=35"}],"version-history":[{"count":24,"href":"https:\/\/aurelienpicat.com\/index.php\/wp-json\/wp\/v2\/pages\/35\/revisions"}],"predecessor-version":[{"id":965,"href":"https:\/\/aurelienpicat.com\/index.php\/wp-json\/wp\/v2\/pages\/35\/revisions\/965"}],"wp:attachment":[{"href":"https:\/\/aurelienpicat.com\/index.php\/wp-json\/wp\/v2\/media?parent=35"}],"curies":[{"name":"wp","href":"https:\/\/api.w.org\/{rel}","templated":true}]}}